{"id":568,"date":"2013-10-22T20:18:29","date_gmt":"2013-10-22T18:18:29","guid":{"rendered":"http:\/\/quasideluxe.de\/?page_id=568"},"modified":"2022-01-31T16:16:13","modified_gmt":"2022-01-31T15:16:13","slug":"projekte","status":"publish","type":"page","link":"https:\/\/www.quasideluxe.de\/?page_id=568","title":{"rendered":"werklisten"},"content":{"rendered":"\n<p><\/p>\n\n\n\n<hr class=\"wp-block-separator\"\/>\n\n\n\n<p><\/p>\n\n\n\n<p class=\"has-text-align-center\">F I L M O G R A P H I E<\/p>\n\n\n\n<p class=\"has-text-align-center\">von octavia crummenerl g l o g g e n g i e \u00df e r<\/p>\n\n\n\n<figure class=\"wp-block-table\"><table><tbody><tr><td><strong>JAHR<\/strong><\/td><td><strong>PRODUCER<\/strong><\/td><td><strong>TITEL<\/strong><\/td><td><strong>L\u00c4NGE<\/strong><\/td><td><strong>GENRE<\/strong><\/td><td><strong>REGIE<\/strong><\/td><td><strong>MEINE FUNKTION<\/strong><\/td><\/tr><tr><td>2021<\/td><td>MUSIKFONDS Stipendium<\/td><td>Places.Pictures.Sounds &amp; Music<\/td><td>kurze<\/td><td>Experimentalfilme im Web-Format<\/td><td>Octavia Gloggengiesser<\/td><td><strong>Komposition \/ Produktion<\/strong><\/td><\/tr><tr><td>2017<\/td><td>DETAILFILM Hamburg GmbH<\/td><td>\u201eDie Schule auf dem Zauberberg\u201c<\/td><td>90 Min.<\/td><td>Dokumentarfilm<\/td><td>Radek Wegrzyn<\/td><td><strong>Komposition \/ Produktion<\/strong><\/td><\/tr><tr><td>2013<\/td><td>heldinnenfilm<\/td><td>\u201eErstes Manifest grosser und angesehener K\u00fcnstlerinnen.reloaded\u201c<\/td><td>80 Min.<\/td><td>Dokumentarischer Essayfilm<\/td><td>Nathalie Percillier<\/td><td><strong>Komposition (neben anderen MusikautorInnen)<\/strong><\/td><\/tr><tr><td>2013<\/td><td>Filmakadmie Baden-W\u00fcrttemberg<\/td><td>\u201eSchweben wie Schmetterlinge stechen wie Bienen\u201c<\/td><td>62 Min.<\/td><td>Dokumentarischer Episodenfilm<\/td><td>Jana B\u00fcrgelin<\/td><td><strong>Titelmusik-komposition<\/strong><\/td><\/tr><tr><td>2012<\/td><td>Filmakadmie Baden-W\u00fcrttemberg<\/td><td>\u201eKuchen Essen. Ein St\u00fcck deutsches Leben\u201c<\/td><td>22 Min.<\/td><td>Essayfilm<\/td><td>Jana B\u00fcrgelin<\/td><td><strong>Komposition<\/strong><\/td><\/tr><tr><td>2011<\/td><td>Filmb\u00fcro Bremen<\/td><td>\u201eBremer Kunstfr\u00fchling 2011\u201c<\/td><td>16 Min.<\/td><td>Dokumentation<\/td><td>Iris Holstein u. Lea Dietrich<\/td><td><strong>Tonaufnahmen \/ Tondesign<\/strong><\/td><\/tr><tr><td>2010<\/td><td>Sineast Filmproduktion<\/td><td>\u201eAuf Wiedersehen Papa\u201c<\/td><td>22 Min.<\/td><td>Kurzspielfilm<\/td><td>Sandra Nedeleff<\/td><td><strong>Komposition<\/strong><\/td><\/tr><tr><td>2010<\/td><td>Universit\u00e4t der K\u00fcnste Berlin<\/td><td>\u201eXENOS\u201c<\/td><td>7 Min.<\/td><td>Experimentalfilm<\/td><td>Natalia Mikhovai-lova<\/td><td><strong>Tonaufnahmen \/ Tondesign<\/strong><\/td><\/tr><tr><td>2009<\/td><td>la gamine volante<\/td><td>\u201eNasos Verbannung\u201c<\/td><td>5 Min.<\/td><td>Stop Motion Puppentrickfilm<\/td><td>Konradin Kunze<\/td><td><strong>Tonaufnahmen \/ Tondesign<\/strong><\/td><\/tr><tr><td>2009<\/td><td>la gamine volante<\/td><td>\u201eDie letzte Welt. Arbeitsprobe\u201c<\/td><td>5 Min.<\/td><td>Stop Motion Puppentrickfilm<\/td><td>Konradin Kunze<\/td><td><strong>Komposition \/ Tonaufnahmen \/ Tondesign<\/strong><\/td><\/tr><\/tbody><\/table><\/figure>\n\n\n\n<hr class=\"wp-block-separator\"\/>\n\n\n\n<div class=\"wp-block-columns are-vertically-aligned-center is-layout-flex wp-container-core-columns-is-layout-9d6595d7 wp-block-columns-is-layout-flex\">\n<div class=\"wp-block-column is-vertically-aligned-center is-layout-flow wp-block-column-is-layout-flow\" style=\"flex-basis:100%\">\n<div class=\"wp-block-group\"><div class=\"wp-block-group__inner-container is-layout-flow wp-block-group-is-layout-flow\">\n<p class=\"has-text-align-center\">T H E A T E R P R O D U K T I O N E N<\/p>\n\n\n\n<p class=\"has-text-align-center\">von octavia crummenerl g l o g g e n g i e \u00df e r<\/p>\n\n\n\n<figure class=\"wp-block-table\"><table><tbody><tr><td>JAHR<\/td><td>THEATER<\/td><td>TITEL<\/td><td>AUTOR<\/td><td>REGIE<\/td><td>MEINE FUNKTION<\/td><\/tr><tr><td>2021<\/td><td>Junges Theater Bremen<\/td><td>\u201eC0N5P1R4CY\u201c im ZOOM<\/td><td>Konradin Kunze<\/td><td>Konradin Kunze<\/td><td><strong>Komposition \/ Musikalische Leitung<\/strong><\/td><\/tr><tr><td>2020\/ 2021<\/td><td>Stadtheater Konstanz<\/td><td>\u201eDer Satanarch\u00e4ol\u00fcgenialkoholische Wunschpunsch\u201c<\/td><td>Michael Ende<\/td><td>Theo Fransz<\/td><td><strong>Komposition \/ Musikalische Leitung<\/strong><\/td><\/tr><tr><td>2020<\/td><td>Junges Theater Bremen<\/td><td>\u201eC0N5P1R4CY\u201c<\/td><td>Konradin Kunze<\/td><td>Konradin Kunze<\/td><td><strong>Komposition \/ Musikalische Leitung<\/strong><\/td><\/tr><tr><td>2020<\/td><td>TDJW Leipzig<\/td><td>\u201eLiebe Gr\u00fc\u00dfe&#8230; Oder wohin das Leben f\u00e4llt\u201c (DEA)<\/td><td>Theo Fransz<\/td><td>Theo Fransz<\/td><td><strong>Komposition \/ Musikalische Leitung<\/strong><\/td><\/tr><tr><td>2019<\/td><td>Theater Junge Generation Dresden <strong>und<\/strong> Staatliche Kunstsammlungen Dresden<\/td><td>\u201eVom unsch\u00e4tzbaren Wert der Dinge\u201c (UA)<\/td><td>Konradin Kunze<\/td><td>Konradin Kunze<\/td><td><strong>Komposition \/ Musikalische Leitung<\/strong><\/td><\/tr><tr><td>2018<\/td><td>Deutsches Theater G\u00f6ttingen<\/td><td>\u201eDie Blechtrommel\u201c<\/td><td>G\u00fcnter Grass Theaterfassung von Oliver Reese<\/td><td>Theo Fransz<\/td><td><strong>Komposition \/ Musikalische Leitung<\/strong><\/td><\/tr><tr><td>2018<\/td><td>Junges Schauspielhaus Z\u00fcrich<\/td><td>\u201eLiebe Gr\u00fc\u00dfe&#8230; Oder wohin das Leben f\u00e4llt\u201c (UA)<\/td><td>Theo Fransz<\/td><td>Theo Fransz<\/td><td><strong>Komposition \/ Musikalische Leitung<\/strong><\/td><\/tr><tr><td>2017<\/td><td>Junges Theater Bremen<\/td><td>\u201eWaisen\u201c<\/td><td>Dennis Kelly<\/td><td>Konradin Kunze<\/td><td><strong>Komposition<\/strong><\/td><\/tr><tr><td><br>2015<\/td><td>Junges Schauspielhaus Hamburg<\/td><td>\u201eMaus unter&#8230;\u201c (UA)<\/td><td>Hermann Book<\/td><td>Hermann Book<\/td><td><strong>Komposition<\/strong><\/td><\/tr><tr><td>2015<\/td><td>Junges Schauspielhaus Hamburg<\/td><td>\u201eHimmel\u201c (dt. Erstauff\u00fchrung)<\/td><td>Wajdi Mouawad<\/td><td>Konradin Kunze<\/td><td><strong>Komposition<\/strong><\/td><\/tr><tr><td>2014<\/td><td>Junges Theater Bremen<\/td><td>\u201eWei\u00dfes Papier\u201c (UA)<\/td><td>Konradin Kunze<\/td><td>Konradin Kunze<\/td><td><strong>Komposition<\/strong><\/td><\/tr><tr><td>2013<\/td><td>Junges Theater Bremen<\/td><td>\u201eGelber Mond. Die Ballade von Leila und Lee\u201c<\/td><td>David Greig<\/td><td>Konradin Kunze<\/td><td><strong>Komposition \/ Musikalische Leitung<\/strong><\/td><\/tr><tr><td>2012<\/td><td>Junges Schauspielhaus Hamburg<\/td><td>\u201eHacking Lulea\u00b0\u201c (UA)<\/td><td>St\u00fcckentwicklung<\/td><td>Konradin Kunze<\/td><td><strong>Komposition \/ Musikalische Leitung<\/strong><\/td><\/tr><tr><td>2012<\/td><td>Junges Schauspielhaus Hamburg<\/td><td>\u201eVerbrennungen\u201c<\/td><td>Wajdi Mouawad<\/td><td>Konradin Kunze<\/td><td><strong>Komposition \/ Musikalische Leitung<\/strong><\/td><\/tr><tr><td>2011<\/td><td>Junges Theater Bremen<\/td><td>\u201eFr\u00fchlingserwachen\u201c<\/td><td>nach F. Wedekind<\/td><td>Mario Portmann<\/td><td><strong>Komposition<\/strong><\/td><\/tr><tr><td>2011<\/td><td>Junges Theater Bremen<\/td><td>\u201eDie Durstigen\u201c<\/td><td>Wajdi Mouawad<\/td><td>Konradin Kunze<\/td><td><strong>Komposition \/ Musikalische Leitung<\/strong><\/td><\/tr><tr><td>2009<\/td><td>Junges Schauspielhaus Hamburg<\/td><td>\u201eSchwestern\u201c<\/td><td>Theo Fransz<\/td><td>Theo Fransz<\/td><td><strong>Komposition<\/strong><\/td><\/tr><tr><td>2009<\/td><td>Deutsches Schauspielhaus Hamburg<\/td><td>\u201eVorstellungen. Eine Geschichte f\u00fcnf Wahrheiten\u201c (UA)<\/td><td>nach dem Film von Per Fly, Lars Kjeldgaard u. Kim Leona<\/td><td>Klaus Schumacher<\/td><td><strong>Komposition<\/strong><\/td><\/tr><tr><td>2008<\/td><td>Deutsches Schauspielhaus Hamburg<\/td><td>\u201eWas ihr wollt\u201c<\/td><td>W. Shakespeare<\/td><td>Klaus Schumacher<\/td><td><strong>Komposition \/ Musikalische Leitung<\/strong><\/td><\/tr><tr><td>2008<\/td><td>Junges Theater Bremen<\/td><td>\u201eLiebe. A bloody Lovestory\u201c<\/td><td>Theo Fransz<\/td><td>Michael Talke<\/td><td><strong>Komposition \/ Musikalische Leitung<\/strong><\/td><\/tr><tr><td>2007<\/td><td>Schauspielhaus Graz<\/td><td>\u201eWie es Euch gef\u00e4llt\u201c<\/td><td>W. Shakespeare<\/td><td>Anna Badora<\/td><td><strong>Komposition \/ Musikalische Leitung<\/strong><\/td><\/tr><tr><td>2007<\/td><td>Junges Schauspielhaus Hamburg<\/td><td>\u201eDie Br\u00fcder L\u00f6wenherz\u201c<\/td><td>Nach Astrid Lindgren<\/td><td>Theo Franszs<\/td><td><strong>Komposition \/ Musikalische Leitung<\/strong><\/td><\/tr><tr><td>2006<\/td><td>Junges Schauspielhaus Hamburg<\/td><td>\u201eEhrensache\u201c<\/td><td>Lutz H\u00fcbner<\/td><td>Klaus Schumacher<\/td><td><strong>Komposition<\/strong><\/td><\/tr><tr><td>2006<\/td><td>Bremertheater<\/td><td>\u201eSanft und grausam\u201c<\/td><td>Martin Crimp<\/td><td>Klaus Schumacher<\/td><td><strong>Komposition<\/strong><\/td><\/tr><tr><td>2006<\/td><td>Junges Theater Bremen<\/td><td>\u201eLieber Werther\u201c (UA)<\/td><td>Nach J.W. v. Goethe<\/td><td>Franziska Theresa Sch\u00fctz<\/td><td><strong>Komposition \/ Musikalische Leitung<\/strong><\/td><\/tr><tr><td>2005<\/td><td>Staatstheater Stuttgart<\/td><td>\u201eKasimir und Karoline\u201c<\/td><td>\u00d6d\u00f6n von Horv\u00e1th<\/td><td>Klaus Schumacher<\/td><td><strong>Komposition<\/strong><\/td><\/tr><tr><td>2004<\/td><td>Bremertheater<\/td><td>\u201eDas Fest\u201c<\/td><td>Thomas Vinterberg u. Mogens Rukov<\/td><td>Klaus Schumacher<\/td><td><strong>Komposition \/ Musikalische Leitung<\/strong><\/td><\/tr><tr><td>2004<\/td><td>Schauspiel Hannover<\/td><td>\u201eTintenherz\u201c (UA)<\/td><td>Cornelia Funke<\/td><td>Klaus Schumacher<\/td><td><strong>Komposition \/ Musikalische Leitung \/ Livespiel (Band)<\/strong><\/td><\/tr><tr><td>2003<\/td><td>Staatstheater Stuttgart<\/td><td>\u201eKampf des Negers und der Hunde\u201c<\/td><td>Bernard Marie Kolt\u00e8s<\/td><td>Klaus Schumacher<\/td><td><strong>Komposition<\/strong><\/td><\/tr><tr><td>2003<\/td><td>Theater Wrede<\/td><td>\u201eParadis Now\u201c (UA)<\/td><td>St\u00fcckentwicklung<\/td><td>Winnfried Wrede<\/td><td><strong>Komposition \/ Musikalische Leitung \/ Livespiel<\/strong><\/td><\/tr><tr><td>2002<br>2005<\/td><td>Junges Theater Bremen und: Junges Schauspielhaus Hamburg<\/td><td>\u201eCyrano\u201c<\/td><td>Nach Edmond Rostands<\/td><td>Klaus Schumacher<\/td><td><strong>Komposition \/ Musikalische Leitung \/ Livespiel<\/strong><\/td><\/tr><tr><td>2002<\/td><td>Junges Theater Bremen<\/td><td>\u201eFSK 16\u201c (UA)<\/td><td>Christo S\u00e2gor<\/td><td>Klaus Schumacher<\/td><td><strong>Komposition<\/strong><\/td><\/tr><tr><td>2002<\/td><td>Staatstheater Braunschweig<\/td><td>\u201eJulius und Schluck\u201c (UA)<\/td><td>Martin Le\u00dfmann<\/td><td>Martin Le\u00dfmann<\/td><td><strong>Komposition<\/strong><\/td><\/tr><tr><td>2001<\/td><td>Junges Theater Bremen<\/td><td>\u201eSpatz Fritz\u201c<\/td><td>Rudolf Herfurthner<\/td><td>Octavia Crummenerl<\/td><td><strong>Komposition \/ Musikalische Leitung<\/strong><\/td><\/tr><tr><td>2000<\/td><td>Staatstheater Braunschweig<\/td><td>\u201eIm Land der D\u00e4mmerung\u201c (UA)<\/td><td>Nach Astrid Lindgren<\/td><td>Klaus Schumacher<\/td><td><strong>Komposition \/ Musikalische Leitung \/ Livespiel<\/strong><\/td><\/tr><tr><td>2000<\/td><td>Junges Theater Bremen<\/td><td>\u201eDie Tochter des Ganovenk\u00f6nigs\u201c<\/td><td>Ad de Bont<\/td><td>Klaus Schumacher<\/td><td><strong>Komposition \/ Livespiel<\/strong><\/td><\/tr><tr><td>1999<\/td><td>Deutsches Theater G\u00f6ttingen<\/td><td>\u201eDie Gro\u00dfe Erz\u00e4hlung\u201c<\/td><td>Bruno Stori<\/td><td>Ulrike Czermak<\/td><td><strong>Komposition \/ Musikalische Leitung \/ Livespiel<\/strong><\/td><\/tr><\/tbody><\/table><\/figure>\n<\/div><\/div>\n<\/div>\n<\/div>\n\n\n\n<p><\/p>\n","protected":false},"excerpt":{"rendered":"<p>F I L M O G R A P H I E von octavia crummenerl g l o g g e n g i e \u00df e r JAHR PRODUCER TITEL L\u00c4NGE GENRE REGIE MEINE FUNKTION 2021 MUSIKFONDS Stipendium Places.Pictures.Sounds &amp; Music kurze Experimentalfilme im Web-Format Octavia Gloggengiesser Komposition \/ Produktion 2017 DETAILFILM Hamburg GmbH &hellip; <\/p>\n<p class=\"link-more\"><a href=\"https:\/\/www.quasideluxe.de\/?page_id=568\" class=\"more-link\"><span class=\"screen-reader-text\">\u201ewerklisten\u201c<\/span> weiterlesen<\/a><\/p>\n","protected":false},"author":1,"featured_media":0,"parent":0,"menu_order":0,"comment_status":"closed","ping_status":"open","template":"page-portfolio.php","meta":{"footnotes":""},"class_list":["post-568","page","type-page","status-publish","hentry"],"_links":{"self":[{"href":"https:\/\/www.quasideluxe.de\/index.php?rest_route=\/wp\/v2\/pages\/568","targetHints":{"allow":["GET"]}}],"collection":[{"href":"https:\/\/www.quasideluxe.de\/index.php?rest_route=\/wp\/v2\/pages"}],"about":[{"href":"https:\/\/www.quasideluxe.de\/index.php?rest_route=\/wp\/v2\/types\/page"}],"author":[{"embeddable":true,"href":"https:\/\/www.quasideluxe.de\/index.php?rest_route=\/wp\/v2\/users\/1"}],"replies":[{"embeddable":true,"href":"https:\/\/www.quasideluxe.de\/index.php?rest_route=%2Fwp%2Fv2%2Fcomments&post=568"}],"version-history":[{"count":52,"href":"https:\/\/www.quasideluxe.de\/index.php?rest_route=\/wp\/v2\/pages\/568\/revisions"}],"predecessor-version":[{"id":4438,"href":"https:\/\/www.quasideluxe.de\/index.php?rest_route=\/wp\/v2\/pages\/568\/revisions\/4438"}],"wp:attachment":[{"href":"https:\/\/www.quasideluxe.de\/index.php?rest_route=%2Fwp%2Fv2%2Fmedia&parent=568"}],"curies":[{"name":"wp","href":"https:\/\/api.w.org\/{rel}","templated":true}]}}