{"id":48,"date":"2013-09-21T19:48:56","date_gmt":"2013-09-21T17:48:56","guid":{"rendered":"http:\/\/quasideluxe.de\/?page_id=48"},"modified":"2022-05-15T01:01:34","modified_gmt":"2022-05-14T23:01:34","slug":"klang","status":"publish","type":"page","link":"https:\/\/www.quasideluxe.de\/?page_id=48","title":{"rendered":"video"},"content":{"rendered":"\n<p>&#8222;Der Satanarch\u00e4ol\u00fcgenialkoh\u00f6llische Wunschpunsch &#8222;Stadttheater Konstanz 2020\/2021<\/p>\n\n\n\n<figure class=\"wp-block-embed is-type-video is-provider-youtube wp-block-embed-youtube wp-embed-aspect-16-9 wp-has-aspect-ratio\"><div class=\"wp-block-embed__wrapper\">\n<iframe loading=\"lazy\" title=\"Theater Konstanz Trailer \u2014 Der satanarch\u00e4ol\u00fcgenialkoh\u00f6llische Wunschpunsch\" width=\"525\" height=\"295\" src=\"https:\/\/www.youtube.com\/embed\/BKHMwGb2tLY?feature=oembed\" frameborder=\"0\" allow=\"accelerometer; autoplay; clipboard-write; encrypted-media; gyroscope; picture-in-picture; web-share\" referrerpolicy=\"strict-origin-when-cross-origin\" allowfullscreen><\/iframe>\n<\/div><\/figure>\n\n\n<h3>PLACES. PICTURES. SOUNDS AND MUSIC. Experimentelle Film-Clips <\/h3>\n<p>Fotografiert, montiert und vertont von Octavia Crummenerl Glogengiesser.<\/p>\n<p>(Stipendienprogramm 2021, gef\u00f6rdert von: &#8222;musikfonds&#8220;, &#8222;Neustart Kultur&#8220; und &#8222;Die Beauftragten der Bundesregierung f\u00fcr Kultur und Medien&#8220;.)<\/p>\n<div style=\"padding: 56.25% 0 0 0; position: relative;\"><iframe style=\"position: absolute; top: 0; left: 0; width: 100%; height: 100%;\" title=\"VALLEY Places. Pictures. Sounds. And Music. von Octavia Crummenerl Gloggengiesser, &amp;quot;musikfonds&amp;quot; Stipendium 2021\" src=\"https:\/\/player.vimeo.com\/video\/578496042?badge=0&amp;autopause=0&amp;player_id=0&amp;app_id=58479\" allowfullscreen=\"allowfullscreen\" frameborder=\"0\"><\/iframe><\/div>\n<p><script src=\"https:\/\/player.vimeo.com\/api\/player.js\"><\/script> VALLEY &#8211; Aufbruch und bewegte Landschaft<\/p>\n<div style=\"padding: 56.25% 0 0 0; position: relative;\"><iframe style=\"position: absolute; top: 0; left: 0; width: 100%; height: 100%;\" title=\"WIRE Places. Pictures. Sounds. And Music. von Octavia Crummenerl Gloggengiesser, &amp;ldquo;musikfonds&amp;rdquo; Stipendium 2021\" src=\"https:\/\/player.vimeo.com\/video\/582921631?badge=0&amp;autopause=0&amp;player_id=0&amp;app_id=58479\" allowfullscreen=\"allowfullscreen\" frameborder=\"0\"><\/iframe><\/div>\n<p><script src=\"https:\/\/player.vimeo.com\/api\/player.js\"><\/script> WIRE &#8211; Fahrten und Warten. Drahtseilmusik in Drei Akten<\/p>\n<p><\/p>\n<div style=\"padding: 56.25% 0 0 0; position: relative;\"><iframe style=\"position: absolute; top: 0; left: 0; width: 100%; height: 100%;\" title=\"SCHLILLER Places. Pictures. Sounds. And Music. von Octavia Crummenerl Gloggengiesser, &amp;ldquo;musikfonds&amp;rdquo; Stipendium 2021\" src=\"https:\/\/player.vimeo.com\/video\/580284093?badge=0&amp;autopause=0&amp;player_id=0&amp;app_id=58479\" allowfullscreen=\"allowfullscreen\" frameborder=\"0\"><\/iframe><\/div>\n<p><script src=\"https:\/\/player.vimeo.com\/api\/player.js\"><\/script> SCHLILLER &#8211; Lightmare mit Schiller<\/p>\n<div style=\"padding: 56.25% 0 0 0; position: relative;\"><iframe style=\"position: absolute; top: 0; left: 0; width: 100%; height: 100%;\" title=\"REVERSAL Places. Pictures. Sounds. And Music. von Octavia Crummenerl Gloggengiesser, &amp;ldquo;musikfonds&amp;rdquo; Stipendium 2021\" src=\"https:\/\/player.vimeo.com\/video\/582929532?badge=0&amp;autopause=0&amp;player_id=0&amp;app_id=58479\" allowfullscreen=\"allowfullscreen\" frameborder=\"0\"><\/iframe><\/div>\n<p><script src=\"https:\/\/player.vimeo.com\/api\/player.js\"><\/script> REVERSAL &#8211; Umkehr<\/p>\n<div style=\"padding: 56.25% 0 0 0; position: relative;\"><iframe style=\"position: absolute; top: 0; left: 0; width: 100%; height: 100%;\" src=\"https:\/\/player.vimeo.com\/video\/592068496?title=0&amp;byline=0&amp;portrait=0&amp;speed=0&amp;badge=0&amp;autopause=0&amp;player_id=0&amp;app_id=58479&amp;h=a5e454a292\/embed\" allowfullscreen=\"allowfullscreen\" frameborder=\"0\"><\/iframe><\/div>\n<p><script src=\"https:\/\/player.vimeo.com\/api\/player.js\"><\/script> LANTERN &#8211; Windlichtmusik<\/p>\n<div style=\"padding: 56.25% 0 0 0; position: relative;\"><iframe style=\"position: absolute; top: 0; left: 0; width: 100%; height: 100%;\" title=\"FLOAT Places. Pictures. Sounds. And Music. von Octavia Crummenerl Gloggengiesser, &amp;ldquo;musikfonds&amp;rdquo; Stipendium 2021\" src=\"https:\/\/player.vimeo.com\/video\/580272466?h=758dd2e4ff&amp;badge=0&amp;autopause=0&amp;player_id=0&amp;app_id=58479\" allowfullscreen=\"allowfullscreen\" frameborder=\"0\"><\/iframe><\/div>\n<p><script src=\"https:\/\/player.vimeo.com\/api\/player.js\"><\/script> FLOAT &#8211; Wassermusik<\/p>\n<p style=\"text-align: center;\">Weitere Theater- und Filmmusik<\/p>\n<p style=\"text-align: center;\">komponiert und produziert von Octavia Crummenerl Gloggengiesser:<\/p>\n<p><iframe loading=\"lazy\" src=\"https:\/\/www.youtube.com\/embed\/elhdEqLiL7U\" allowfullscreen=\"allowfullscreen\" width=\"560\" height=\"315\" frameborder=\"0\"><\/iframe><\/p>\n<p><strong>trailer <\/strong>&#8211; &#8222;blechtrommel&#8220;, dt g\u00f6ttingen 2018, <strong>musik: <\/strong>octavia (trailer: dt g\u00f6ttingen)<\/p>\n<p><span style=\"color: #339966;\"><iframe loading=\"lazy\" src=\"https:\/\/player.vimeo.com\/video\/148333824\" allowfullscreen=\"allowfullscreen\" width=\"640\" height=\"272\" frameborder=\"0\"><\/iframe><\/span><\/p>\n<p><strong>metamorphosen der eisernen stadt<\/strong>&nbsp; &#8211; la gamine volante, <strong>musik: <\/strong>octavia<\/p>\n<p><iframe loading=\"lazy\" src=\"https:\/\/player.vimeo.com\/video\/120846301?title=0&amp;byline=0&amp;portrait=0\" allowfullscreen=\"allowfullscreen\" width=\"500\" height=\"281\" frameborder=\"0\"><\/iframe><\/p>\n<p><strong>trailer <\/strong>&#8211; &#8222;himmel&#8220;, junges schauspielhaus hamburg 2015, <strong>musik: <\/strong>octavia (trailer: konradin kunze u lea dietrich)<\/p>\n<p><iframe loading=\"lazy\" src=\"\/\/player.vimeo.com\/video\/93874378?byline=0&amp;portrait=0\" allowfullscreen=\"allowfullscreen\" width=\"500\" height=\"280\" frameborder=\"0\"><\/iframe><\/p>\n<p><strong>trailer <\/strong>&#8211; &#8222;wei\u00dfes papier&#8220;, theaterbremen 2014, <strong>musik: <\/strong>octavia (trailer: konradin kunze u lea dietrich)<\/p>\n<p><iframe loading=\"lazy\" src=\"\/\/player.vimeo.com\/video\/60888440?byline=0&amp;portrait=0\" allowfullscreen=\"allowfullscreen\" data-mce-fragment=\"1\" width=\"500\" height=\"281\" frameborder=\"0\"><\/iframe><\/p>\n<p><strong>trailer<\/strong> &#8211; &#8222;gelber mond. die ballade von leila und lee&#8220;, theaterbremen 2013, <strong>musik: <\/strong>octavia (trailer: konradin kunze u lea dietrich)<\/p>\n<p><iframe loading=\"lazy\" src=\"\/\/player.vimeo.com\/video\/51926373?byline=0&amp;portrait=0\" allowfullscreen=\"allowfullscreen\" width=\"500\" height=\"281\" frameborder=\"0\"><\/iframe><\/p>\n<p><strong>animated visual<\/strong> &#8211; &#8222;schweben wie schmetterlinge stechen wie bienen&#8220;, intern. hoferfilmtage 2013, <strong>musik: <\/strong>octavia<\/p>\n<p><iframe loading=\"lazy\" src=\"\/\/player.vimeo.com\/video\/22126251?byline=0&amp;portrait=0\" allowfullscreen=\"allowfullscreen\" width=\"500\" height=\"281\" frameborder=\"0\"><\/iframe><\/p>\n<p><strong>trailer<\/strong> &#8211; &#8222;auf wiedersehen papa&#8220;, sineast filmproduction 2012, <strong>musik:<\/strong> octavia<\/p>\n<p><iframe loading=\"lazy\" src=\"\/\/player.vimeo.com\/video\/55737498?byline=0&amp;portrait=0\" allowfullscreen=\"allowfullscreen\" width=\"500\" height=\"281\" frameborder=\"0\"><\/iframe><\/p>\n<p><strong>trailer<\/strong> &#8211; &#8222;hacking lule\u00e5&#8220;, junges schauspielhaus hamburg 2012, <strong>musik: <\/strong>octavia&nbsp; (trailer: konradin kunze)<\/p>\n<p><iframe loading=\"lazy\" src=\"\/\/player.vimeo.com\/video\/41554418?byline=0&amp;portrait=0\" allowfullscreen=\"allowfullscreen\" width=\"500\" height=\"281\" frameborder=\"0\"><\/iframe><\/p>\n<p><strong>trailer<\/strong> &#8211; &#8222;kuchen essen. ein st\u00fcck deutsches leben&#8220; , intern. hofer filmtage 2012, <strong>musik:<\/strong> octavia<\/p>\n<p><iframe loading=\"lazy\" src=\"\/\/player.vimeo.com\/video\/36224729?byline=0&amp;portrait=0\" allowfullscreen=\"allowfullscreen\" width=\"500\" height=\"281\" frameborder=\"0\"><\/iframe><\/p>\n<p><strong>trailer<\/strong> &#8211; &#8222;verbrennungen&#8220;, junges schauspielhaus hamburg 2012, <strong>musik:<\/strong> octavia (trailer: konradin kunze)<\/p>\n<p><iframe loading=\"lazy\" src=\"\/\/player.vimeo.com\/video\/22698942?byline=0&amp;portrait=0\" allowfullscreen=\"allowfullscreen\" width=\"500\" height=\"281\" frameborder=\"0\"><\/iframe><\/p>\n<p><strong>trailer<\/strong> &#8211; &#8222;die durstigen&#8220;, theaterbremen 2011, <strong>musik:<\/strong> octavia (trailer: konradin kunze)<\/p>\n<p><iframe loading=\"lazy\" src=\"\/\/player.vimeo.com\/video\/15661386?byline=0&amp;portrait=0\" allowfullscreen=\"allowfullscreen\" width=\"500\" height=\"281\" frameborder=\"0\"><\/iframe><\/p>\n<p style=\"text-align: left;\"><strong>arbeitsprobe <\/strong>&#8211; &#8222;die letzte welt&#8220; (at), filmkollektiv &#8222;la gamine volante&#8220; 2009, <strong>musik u. tondesign:<\/strong> octavia<\/p>\n<p><iframe loading=\"lazy\" src=\"\/\/player.vimeo.com\/video\/7374594?byline=0&amp;portrait=0\" allowfullscreen=\"allowfullscreen\" width=\"500\" height=\"281\" frameborder=\"0\"><\/iframe><\/p>\n<p><strong>stop motion puppentrick<\/strong> &#8211; &#8222;nasos verbannung&#8220;,&nbsp; filmkollektiv &#8222;la gemine volante&#8220; 2011, <strong>tondesign:<\/strong> octavia<\/p>\n<p style=\"text-align: center;\"><iframe loading=\"lazy\" src=\"\/\/player.vimeo.com\/video\/42566111?byline=0&amp;portrait=0\" allowfullscreen=\"allowfullscreen\" width=\"500\" height=\"281\" frameborder=\"0\"><\/iframe><\/p>\n<p><strong>stop motion puppentrick teaser <\/strong>&#8211; &#8222;die letzte welt&#8220; (at), filmkollektiv &#8222;la gamine volante&#8220; 2009, <strong>musik u.<\/strong> <strong>tondesign:<\/strong> octavia<\/p>\n<p>weitere musik finden sie unter <a href=\"http:\/\/quasideluxe.de\/?page_id=3695\" target=\"_blank\" rel=\"noopener noreferrer\"><span style=\"color: #339966;\"><strong>klangbeispiele<\/strong><\/span><\/a><\/p>","protected":false},"excerpt":{"rendered":"<p>&#8222;Der Satanarch\u00e4ol\u00fcgenialkoh\u00f6llische Wunschpunsch &#8222;Stadttheater Konstanz 2020\/2021 PLACES. PICTURES. SOUNDS AND MUSIC. Experimentelle Film-Clips Fotografiert, montiert und vertont von Octavia Crummenerl Glogengiesser. (Stipendienprogramm 2021, gef\u00f6rdert von: &#8222;musikfonds&#8220;, &#8222;Neustart Kultur&#8220; und &#8222;Die Beauftragten der Bundesregierung f\u00fcr Kultur und Medien&#8220;.) VALLEY &#8211; Aufbruch und bewegte Landschaft WIRE &#8211; Fahrten und Warten. Drahtseilmusik in Drei Akten SCHLILLER &#8211; Lightmare &hellip; <\/p>\n<p class=\"link-more\"><a href=\"https:\/\/www.quasideluxe.de\/?page_id=48\" class=\"more-link\"><span class=\"screen-reader-text\">\u201evideo\u201c<\/span> weiterlesen<\/a><\/p>\n","protected":false},"author":1,"featured_media":0,"parent":0,"menu_order":0,"comment_status":"closed","ping_status":"open","template":"page-full-width.php","meta":{"footnotes":""},"class_list":["post-48","page","type-page","status-publish","hentry"],"_links":{"self":[{"href":"https:\/\/www.quasideluxe.de\/index.php?rest_route=\/wp\/v2\/pages\/48","targetHints":{"allow":["GET"]}}],"collection":[{"href":"https:\/\/www.quasideluxe.de\/index.php?rest_route=\/wp\/v2\/pages"}],"about":[{"href":"https:\/\/www.quasideluxe.de\/index.php?rest_route=\/wp\/v2\/types\/page"}],"author":[{"embeddable":true,"href":"https:\/\/www.quasideluxe.de\/index.php?rest_route=\/wp\/v2\/users\/1"}],"replies":[{"embeddable":true,"href":"https:\/\/www.quasideluxe.de\/index.php?rest_route=%2Fwp%2Fv2%2Fcomments&post=48"}],"version-history":[{"count":159,"href":"https:\/\/www.quasideluxe.de\/index.php?rest_route=\/wp\/v2\/pages\/48\/revisions"}],"predecessor-version":[{"id":4499,"href":"https:\/\/www.quasideluxe.de\/index.php?rest_route=\/wp\/v2\/pages\/48\/revisions\/4499"}],"wp:attachment":[{"href":"https:\/\/www.quasideluxe.de\/index.php?rest_route=%2Fwp%2Fv2%2Fmedia&parent=48"}],"curies":[{"name":"wp","href":"https:\/\/api.w.org\/{rel}","templated":true}]}}