{"id":3731,"date":"2021-05-31T22:06:49","date_gmt":"2021-05-31T20:06:49","guid":{"rendered":"http:\/\/quasideluxe.de\/?page_id=3731"},"modified":"2022-01-25T11:58:46","modified_gmt":"2022-01-25T10:58:46","slug":"about-2","status":"publish","type":"page","link":"https:\/\/www.quasideluxe.de\/?page_id=3731","title":{"rendered":""},"content":{"rendered":"\n<h2 class=\"wp-block-heading\">AUDIO SHOWCASE &#8211; THEATER &amp; FILMMUSIKPRODUKTION <\/h2>\n\n\n<div style=\"padding: 75% 0 0 0; position: relative;\"><iframe style=\"position: absolute; top: 0; left: 0; width: 100%; height: 100%;\" title=\"Auge und Ohr - Ein Audio-Showcase\" src=\"https:\/\/player.vimeo.com\/video\/157623361?h=7029644b55&amp;badge=0&amp;autopause=0&amp;player_id=0&amp;app_id=58479\" allowfullscreen=\"allowfullscreen\" frameborder=\"0\"><\/iframe><\/div>\n<h1><\/h1>\n\n<hr class=\"wp-block-separator\" \/>\n<h1>Produktionsstufen<\/h1>\n<h3>Startpunkte<\/h3>\n<p>Musik als lebenslanges Lernen, Fragen, \u00dcben und Experimentieren, mit Zeit, Raum und Technik.<\/p>\n<p><span style=\"color: #808080;\"><span style=\"color: #339966;\"><em>Neubeginnen und Erfinden sind Programm.<\/em><\/span>\u00a0<\/span><\/p>\n<h3><span style=\"color: #808080;\"><span style=\"color: #333333;\">Widerst\u00e4nde<\/span><\/span><\/h3>\n<p>Herausforderungen f\u00f6rdern kreative L\u00f6sungen, um etwas Neues zu formen.<\/p>\n<p><span style=\"color: #339966;\"><em>Fehler liefern Wege zu Antworten. <\/em><\/span><\/p>\n<h3><span style=\"color: #808080;\"><span style=\"color: #333333;\">(Ge-)Schichten<\/span><\/span><\/h3>\n<p>\u00dcbergeordnete Musikkonzepte bestimmen die Formen und setzten die Rahmen, in der Musik und Instrumentarium zum Einsatz kommen.<\/p>\n<p><em><span style=\"color: #339966;\">Die (Ge-)Schichten dahinter sind die \u201aHaken\u2018 an denen alles h\u00e4ngt.<\/span> <\/em><\/p>\n<h3><span style=\"color: #808080;\"><span style=\"color: #333333;\">Subszenarien<\/span><\/span><\/h3>\n<p>Passgenau zu Bild und Text werden den Instrumenten Farben, Formen und Strukturen auf den Leib geschneidert.<\/p>\n<p><span style=\"color: #339966;\"><em>Bild und Musik verschmelzen zu einer untrennbaren, neuen Gestalt.<\/em><\/span><\/p>\n<h3><span style=\"color: #808080;\"><span style=\"color: #333333;\">Mehrwert<\/span><\/span><\/h3>\n<p>Zwischent\u00f6ne, kreative Freir\u00e4ume oder Stille spielen eine Rolle.<\/p>\n<p><span style=\"color: #339966;\"><em>Mehrwert ist \u201aquasideluxe\u2018.<\/em><\/span><\/p>\n<h3><span style=\"color: #808080;\"><span style=\"color: #333333;\">Mixo<\/span><\/span><\/h3>\n<p>Als Protagonist*Innen in den Haupt- und Nebenrollen spielen: Wurlitzer, Klavier, Kontrabass, Violine, Saxophon, Shalmeau, (E-)Gitarre, Ukulele, Sampler, Elektronik und Klangerzeuger aus aller Welt, Natur und K\u00fcche.<\/p>\n<p><span style=\"color: #339966;\"><em>Die Mischung spielt immer eine Hauptrolle.<\/em><\/span><\/p>\n<h3><span style=\"color: #808080;\"><span style=\"color: #333333;\">Hinzugef\u00fcgtes<\/span><\/span><\/h3>\n<p>Musikalische Praxis aus Bands, Workshops und Unterricht flie\u00dfen in die Kompositionen zur\u00fcck.<\/p>\n<p><span style=\"color: #339966;\"><em>Durch Perspektivwechsel k\u00f6nnen Stile und Instrumente \u00fcber sich hinaus wachsen.<\/em><\/span><\/p>\n<h3><span style=\"color: #808080;\"><span style=\"color: #333333;\">Unvollst\u00e4ndiges<\/span><\/span><\/h3>\n<p>Ich unterst\u00fctze <span style=\"color: #666699;\"><a style=\"color: #666699;\" href=\"https:\/\/musicwomengermany.de\/community\" target=\"_blank\" rel=\"noopener\"><em>MUSIC WOMEN GERMANY<\/em><\/a><\/span>, <span style=\"color: #666699;\"><a style=\"color: #666699;\" href=\"https:\/\/www.proquote-buehne.de\/\" target=\"_blank\" rel=\"noopener\"><em>PRO QUOTE B\u00dcHNE<\/em><\/a><\/span>, <span style=\"color: #666699;\"><a style=\"color: #666699;\" href=\"https:\/\/proquote-film.de\/\" target=\"_blank\" rel=\"noopener\"><em>PRO QUOTE FILM<\/em><\/a><\/span> und die Berufsverb\u00e4nde <span style=\"color: #666699;\"><a style=\"color: #666699;\" href=\"https:\/\/komponistenverband.de\/landesverbande\/berlin\/\" target=\"_blank\" rel=\"noopener\">DKV<\/a><\/span> \/ <span style=\"color: #666699;\"><a style=\"color: #666699;\" href=\"https:\/\/www.defkom.de\/\" target=\"_blank\" rel=\"noopener\"><em>DEFKOM<\/em><\/a><\/span> und <span style=\"color: #666699;\"><a style=\"color: #666699;\" href=\"http:\/\/www.u-d-j.de\/\" target=\"_blank\" rel=\"noopener\"><em>DEUTSCHE JAZZUNION<\/em><\/a><\/span>, wenn es mir m\u00f6glich ist auch aktiv.<\/p>\n<p><em><span style=\"color: #339966;\">Die Zukunft ist offen und muss weiter beackert und gestaltet werden.<\/span> <\/em><\/p>\n<h3><span style=\"color: #808080;\"><span style=\"color: #333333;\">Vollst\u00e4ndiges<\/span><\/span><\/h3>\n<p>Im gemeinsamen Denken und Handeln liegt die Kraft.<\/p>\n<p><span style=\"color: #339966;\"><em>Ohne Musik w\u00e4re das Leben unvollst\u00e4ndig.<\/em><\/span><\/p>\n\n\n<h2 class=\"wp-block-heading\"><strong>Film- &amp; Theatermusikproduktion \u2013 Kontakt:<\/strong> octavia@quasideluxe.de<\/h2>\n\n\n\n<figure class=\"wp-block-image size-large\"><a href=\"http:\/\/quasideluxe.de\/wp-content\/uploads\/2022\/01\/MUSIZIER-mit-bunter-LANASCHAFT_GUT__.jpg\"><img loading=\"lazy\" decoding=\"async\" width=\"820\" height=\"1024\" src=\"http:\/\/quasideluxe.de\/wp-content\/uploads\/2022\/01\/MUSIZIER-mit-bunter-LANASCHAFT_GUT__-820x1024.jpg\" alt=\"\" class=\"wp-image-4376\" srcset=\"https:\/\/www.quasideluxe.de\/wp-content\/uploads\/2022\/01\/MUSIZIER-mit-bunter-LANASCHAFT_GUT__-820x1024.jpg 820w, https:\/\/www.quasideluxe.de\/wp-content\/uploads\/2022\/01\/MUSIZIER-mit-bunter-LANASCHAFT_GUT__-240x300.jpg 240w, https:\/\/www.quasideluxe.de\/wp-content\/uploads\/2022\/01\/MUSIZIER-mit-bunter-LANASCHAFT_GUT__-768x960.jpg 768w, https:\/\/www.quasideluxe.de\/wp-content\/uploads\/2022\/01\/MUSIZIER-mit-bunter-LANASCHAFT_GUT__.jpg 830w\" sizes=\"auto, (max-width: 767px) 89vw, (max-width: 1000px) 54vw, (max-width: 1071px) 543px, 580px\" \/><\/a><\/figure>\n\n\n\n<p>Foto: Privat<\/p>\n","protected":false},"excerpt":{"rendered":"<p>AUDIO SHOWCASE &#8211; THEATER &amp; FILMMUSIKPRODUKTION Produktionsstufen Startpunkte Musik als lebenslanges Lernen, Fragen, \u00dcben und Experimentieren, mit Zeit, Raum und Technik. Neubeginnen und Erfinden sind Programm.\u00a0 Widerst\u00e4nde Herausforderungen f\u00f6rdern kreative L\u00f6sungen, um etwas Neues zu formen. Fehler liefern Wege zu Antworten. (Ge-)Schichten \u00dcbergeordnete Musikkonzepte bestimmen die Formen und setzten die Rahmen, in der Musik und &hellip; <\/p>\n<p class=\"link-more\"><a href=\"https:\/\/www.quasideluxe.de\/?page_id=3731\" class=\"more-link\"><span class=\"screen-reader-text\">\u201e\u201c<\/span> weiterlesen<\/a><\/p>\n","protected":false},"author":1,"featured_media":0,"parent":0,"menu_order":0,"comment_status":"closed","ping_status":"closed","template":"","meta":{"footnotes":""},"class_list":["post-3731","page","type-page","status-publish","hentry"],"_links":{"self":[{"href":"https:\/\/www.quasideluxe.de\/index.php?rest_route=\/wp\/v2\/pages\/3731","targetHints":{"allow":["GET"]}}],"collection":[{"href":"https:\/\/www.quasideluxe.de\/index.php?rest_route=\/wp\/v2\/pages"}],"about":[{"href":"https:\/\/www.quasideluxe.de\/index.php?rest_route=\/wp\/v2\/types\/page"}],"author":[{"embeddable":true,"href":"https:\/\/www.quasideluxe.de\/index.php?rest_route=\/wp\/v2\/users\/1"}],"replies":[{"embeddable":true,"href":"https:\/\/www.quasideluxe.de\/index.php?rest_route=%2Fwp%2Fv2%2Fcomments&post=3731"}],"version-history":[{"count":97,"href":"https:\/\/www.quasideluxe.de\/index.php?rest_route=\/wp\/v2\/pages\/3731\/revisions"}],"predecessor-version":[{"id":4433,"href":"https:\/\/www.quasideluxe.de\/index.php?rest_route=\/wp\/v2\/pages\/3731\/revisions\/4433"}],"wp:attachment":[{"href":"https:\/\/www.quasideluxe.de\/index.php?rest_route=%2Fwp%2Fv2%2Fmedia&parent=3731"}],"curies":[{"name":"wp","href":"https:\/\/api.w.org\/{rel}","templated":true}]}}