{"id":11,"date":"2013-09-21T17:08:18","date_gmt":"2013-09-21T15:08:18","guid":{"rendered":"http:\/\/quasideluxe.de\/?page_id=11"},"modified":"2025-08-07T11:36:43","modified_gmt":"2025-08-07T09:36:43","slug":"start","status":"publish","type":"page","link":"https:\/\/www.quasideluxe.de\/","title":{"rendered":""},"content":{"rendered":"\n<h3 class=\"wp-block-heading has-text-color\" style=\"color:#d37c2f\">2020 \u2013 Nominierung \u201eDeutscher Dokumentarfilm Musikpreis\u201c beim Dokumentarfilmfetival M\u00fcnchen, mit der Filmmusik zum Kinodokumentarfilm \u201eDie Schule auf dem Zauberberg\u201c von Radek Wegrzyn und DETAILFILM.<\/h3>\n\n\n\n<figure class=\"wp-block-image size-full\"><a href=\"http:\/\/quasideluxe.de\/wp-content\/uploads\/2021\/12\/DOKfest_2020_Lorbeeren_nominated_4c_00_2.jpg\"><img loading=\"lazy\" decoding=\"async\" width=\"562\" height=\"254\" src=\"http:\/\/quasideluxe.de\/wp-content\/uploads\/2021\/12\/DOKfest_2020_Lorbeeren_nominated_4c_00_2.jpg\" alt=\"\" class=\"wp-image-4203\" srcset=\"https:\/\/www.quasideluxe.de\/wp-content\/uploads\/2021\/12\/DOKfest_2020_Lorbeeren_nominated_4c_00_2.jpg 562w, https:\/\/www.quasideluxe.de\/wp-content\/uploads\/2021\/12\/DOKfest_2020_Lorbeeren_nominated_4c_00_2-300x136.jpg 300w\" sizes=\"auto, (max-width: 562px) 100vw, 562px\" \/><\/a><\/figure>\n\n\n\n<h3 class=\"wp-block-heading\">2020 &#8211; <strong>Deutscher Kindertheaterpreis<\/strong>, f\u00fcr die St\u00fcckentwicklung &#8222;Liebe Gr\u00fc\u00dfe. Oder Wohin das Leben f\u00e4llt&#8220;. Autor und Regisseur: Theo Fransz, \u00dcbersetzerin (aus dem Niederl\u00e4ndischen): Andrea Kluitman.<\/h3>\n\n\n\n<h3 class=\"wp-block-heading\">2019 \u2013 Einladung zum \u201e15. deutschen Kinder- und Jugendtheatertreffen <strong>Augenblick-mal!<\/strong>\u201c, mit \u201eWaisen\u201c, von Junges.Theater Bremen.<\/h3>\n\n\n\n<h3 class=\"wp-block-heading\">2012 \u2013 <em><strong>Mention sp\u00e8ciale<\/strong> pour la musique originale du film \u2013 \u201eAuf Wiedersehen Papa\u201c,<\/em> von Sandra Nedeleff und Sineast filmproduction, internationales Filmfestival Aubagne, Frankreich.<\/h3>\n\n\n\n<h3 class=\"wp-block-heading\">2003 \u2013 Einladung zum \u201e7. deutschen Kinder- und Jugendtheatertreffen <strong>Augenblick-mal!<\/strong>\u201c, mit \u201eCyrano\u201c, von Junges.Theater Bremen und Junges Schauspielhaus Hamburg.<\/h3>\n\n\n\n<hr class=\"wp-block-separator has-css-opacity\"\/>\n\n\n\n<h2 class=\"wp-block-heading\">KLANGBEISPIELE<\/h2>\n\n\n\n<h3 class=\"wp-block-heading\">Themes &#8211; Musik von Octavia Crummenerl Gloggengiesser<\/h3>\n\n\n<p><iframe loading=\"lazy\" src=\"https:\/\/w.soundcloud.com\/player\/?url=https%3A\/\/api.soundcloud.com\/playlists\/13489717&amp;color=%23ff5500&amp;auto_play=false&amp;hide_related=false&amp;show_comments=true&amp;show_user=true&amp;show_reposts=false&amp;show_teaser=true\" scrolling=\"no\" width=\"100%\" height=\"450\" frameborder=\"no\"><\/iframe><\/p>\n\n\n<p class=\"has-text-color\" style=\"color:#4fac46;font-size:13px\">Weitere Musikbeispiele<strong>: Jazzy\/ Athmospheres\/ Specialized<\/strong>, finden Sie unter dem Reiter: &#8222;musik&#8220; und &#8222;video&#8220;.<\/p>\n\n\n\n<hr class=\"wp-block-separator has-css-opacity\"\/>\n\n\n\n<h3 class=\"wp-block-heading\">Komposition &amp; Produktion von Film- und Theatermusik <\/h3>\n\n\n\n<p>Unvorhersehbares h\u00f6rbar machen und h\u00f6rend in unsichtbare R\u00e4ume eintreten.<\/p>\n\n\n\n<p>Octavia sucht und erfindet das Gefundene neu, verschiebt Grenzen von Zeit und Raum und erz\u00e4hlt dort weiter, wo Bild und Text nicht hinreichen.<\/p>\n\n\n\n<p>Ob Titel- oder Tanzmusiken, Atmosph\u00e4ren oder Songs. Octavia beleuchtet die relevanten Zwischent\u00f6ne. Setzt Pointen. Liefert \u00dcberschriften. Schafft Denk-R\u00e4ume. Kann verbinden oder trennen, Akzente setzen oder nivellieren,  Wege zeigen.<\/p>\n\n\n\n<p><strong>Musikkonzept. Komposition. Produktion. Tonaufnahmen.&nbsp;Tondesign. Arrangement. Musikalische Leitung und Livebegleitug.<\/strong><\/p>\n\n\n\n<p>Studiolabor f\u00fcr musikalische Denk- und Resonanzr\u00e4ume.<\/p>\n\n\n\n<figure class=\"wp-block-image size-large is-resized\"><img loading=\"lazy\" decoding=\"async\" width=\"717\" height=\"470\" src=\"http:\/\/quasideluxe.de\/wp-content\/uploads\/2013\/09\/1-VisitCard-Schrift-2b-cut-ausw-landschaftsplakat-esp-quasidel-film-Kopie-sm.jpg\" alt=\"\" class=\"wp-image-1689\" style=\"width:580px;height:380px\" srcset=\"https:\/\/www.quasideluxe.de\/wp-content\/uploads\/2013\/09\/1-VisitCard-Schrift-2b-cut-ausw-landschaftsplakat-esp-quasidel-film-Kopie-sm.jpg 717w, https:\/\/www.quasideluxe.de\/wp-content\/uploads\/2013\/09\/1-VisitCard-Schrift-2b-cut-ausw-landschaftsplakat-esp-quasidel-film-Kopie-sm-300x196.jpg 300w\" sizes=\"auto, (max-width: 717px) 100vw, 717px\" \/><\/figure>\n\n\n\n<h3 class=\"wp-block-heading\">VITA<\/h3>\n\n\n\n<p>Octavia Crummenerl Gloggengiesser ist seit 1999 freischaffend als Musikerin und Komponistin f\u00fcr Theater an verschiedenen B\u00fchnen t\u00e4tig, darunter: Deutsches Schauspielhaus Hamburg, Schauspielhaus Z\u00fcrich, Staatstheater Stuttgart, Schauspiel Hannover, Schauspielhaus Graz, Theater Bremen, u.a.. Seit 2007 komponiert und produziert Octavia Musik f\u00fcr Film. Es folgten Einladungen zu internationalen Festivals.<\/p>\n\n\n\n<p>Seit 2021 ist Octavia Mitbegr\u00fcnderin des Komponistinnen-Kollektivs &#8222;Infinity Score&#8220; (<a href=\"https:\/\/www.8-score.com\/\">https:\/\/www.8-score.com\/<\/a>).<\/p>\n\n\n\n<p>(<a href=\"http:\/\/quasideluxe.de\/wp-content\/uploads\/2023\/11\/KURZVITA.pdf\">Kurz-Vita (Download<\/a>),&nbsp; <a href=\"http:\/\/quasideluxe.de\/?page_id=568\"><em>Werklisten und Dokumente<\/em>. <\/a>Ein Showreel mit aktuellen Film- und Theatermusikausschnitten sende ich auf Anfrage gerne zu.)<\/p>\n\n\n\n<div class=\"wp-block-group\"><div class=\"wp-block-group__inner-container is-layout-flow wp-block-group-is-layout-flow\">\n<div class=\"wp-block-group\"><div class=\"wp-block-group__inner-container is-layout-flow wp-block-group-is-layout-flow\">\n<p><strong>Film- &amp; Theatermusikproduktion &#8211; Kontakt:<\/strong> octavia@quasideluxe.de<\/p>\n<\/div><\/div>\n<\/div><\/div>\n\n\n\n<hr class=\"wp-block-separator has-css-opacity\"\/>\n\n\n\n<div class=\"wp-block-query is-layout-flow wp-block-query-is-layout-flow\"><ul class=\"wp-block-post-template is-layout-flow wp-block-post-template-is-layout-flow\"><li class=\"wp-block-post post-4658 post type-post status-publish format-standard hentry category-bands category-filmmusik category-theatermusik category-uncategorized tag-filmmusik tag-theatermusik\">\n\n<div class=\"wp-block-group\" style=\"padding-top:30px;padding-right:30px;padding-bottom:30px;padding-left:30px\"><div class=\"wp-block-group__inner-container is-layout-flow wp-block-group-is-layout-flow\"><h2 class=\"wp-block-post-title\"><a href=\"https:\/\/www.quasideluxe.de\/?p=4658\" target=\"_self\" >Neueste EP: Koproduktion mit THERESA<\/a><\/h2>\n\n<div class=\"wp-block-post-excerpt\"><p class=\"wp-block-post-excerpt__excerpt\">Mini-Album (EP):&nbsp;&nbsp; \u201eWIR SIND BEYONCE &amp; JAY Z &#8211; ANARCHIE\u201c von OCOG (Komposition\/ Production) &amp; Theresa (Voc.\/ Rap\/ Text) OCOG alias Octavia Gloggengiesser ist Theater- und Filmkomponistin. THERESA ist die Schauspielerin, Regisseurin &amp; Rapperin Theresa Henning. quasideluxe \u00b7 EP: \u201eWIR SIND BEYONCE &amp; JAY Z &#8211; ANARCHIE\u201c von OCOG (Music\/ Produc.) &amp; Theresa (Voc.\/ Rap\/&hellip; <\/p><\/div>\n\n<div class=\"wp-block-post-date\"><time datetime=\"2024-11-02T19:12:14+01:00\">2. November 2024<\/time><\/div><\/div><\/div>\n\n<\/li><li class=\"wp-block-post post-4654 post type-post status-publish format-standard hentry category-bands category-filmmusik category-theatermusik category-uncategorized\">\n\n<div class=\"wp-block-group\" style=\"padding-top:30px;padding-right:30px;padding-bottom:30px;padding-left:30px\"><div class=\"wp-block-group__inner-container is-layout-flow wp-block-group-is-layout-flow\"><h2 class=\"wp-block-post-title\"><a href=\"https:\/\/www.quasideluxe.de\/?p=4654\" target=\"_self\" >18. Februar 2024, 13 Uhr &#8211; Werkstattauff\u00fchrung<\/a><\/h2>\n\n<div class=\"wp-block-post-excerpt\"><p class=\"wp-block-post-excerpt__excerpt\">Mit dem Kontrabass wieder beim FOP (Frauenorchesterprojekt) dabei. Auff\u00fchrungsort ist die Astrid-Lindgren-B\u00fchne, im FEZ Wuhlheide, Berlin. In Kooperation mit der Landesmusikakademie Berlin, werden sinfonischen Werke von Komponistinnen aus verschiedenen Jahrunderten auf- und uraufgef\u00fchrt: Aulin Valbourg &#8211; &#8222;Tableaux parisiens&#8220; (1886) Amy Beach &#8211; &#8222;Eilende Wolken&#8220; (1892) Germaine Tailleferre &#8211; &#8222;Parisiana ( 1953) Dorothea Hofmann &#8211; &#8222;Sources&hellip; <\/p><\/div>\n\n<div class=\"wp-block-post-date\"><time datetime=\"2024-02-14T16:23:00+01:00\">14. Februar 2024<\/time><\/div><\/div><\/div>\n\n<\/li><li class=\"wp-block-post post-4637 post type-post status-publish format-standard hentry category-bands category-uncategorized tag-improvisation\">\n\n<div class=\"wp-block-group\" style=\"padding-top:30px;padding-right:30px;padding-bottom:30px;padding-left:30px\"><div class=\"wp-block-group__inner-container is-layout-flow wp-block-group-is-layout-flow\"><h2 class=\"wp-block-post-title\"><a href=\"https:\/\/www.quasideluxe.de\/?p=4637\" target=\"_self\" >03. Nov. 23 &#8211; Zu Gast beim Jazzfest Berlin<\/a><\/h2>\n\n<div class=\"wp-block-post-excerpt\"><p class=\"wp-block-post-excerpt__excerpt\">Neben zwei weiteren Improvisationskursen aus Berlin, durften wir mit dem &#8222;teeny Musik treff&#8220; (eine offene und partizipative Einrichtung f\u00fcr Kinder und Jugendliche, aus dem Bezirk Berlin-Mitte), beim &#8222;ImproCamp&#8220; des Jazzfest Berlin zu Gast sein. Ein wunderbares Erlebnis, das uns f\u00fcr die Zukunft befl\u00fcgelt hat. Wir werden diesen Weg fortzusetzen. Nach der Teilnahme an der Fortbildung:&hellip; <\/p><\/div>\n\n<div class=\"wp-block-post-date\"><time datetime=\"2023-11-19T17:40:45+01:00\">19. November 2023<\/time><\/div><\/div><\/div>\n\n<\/li><li class=\"wp-block-post post-4580 post type-post status-publish format-standard hentry category-bands category-filmmusik category-theatermusik category-tondesign category-uncategorized\">\n\n<div class=\"wp-block-group\" style=\"padding-top:30px;padding-right:30px;padding-bottom:30px;padding-left:30px\"><div class=\"wp-block-group__inner-container is-layout-flow wp-block-group-is-layout-flow\"><h2 class=\"wp-block-post-title\"><a href=\"https:\/\/www.quasideluxe.de\/?p=4580\" target=\"_self\" >Radio-Interview zum internationalen Weltfrauentag: Gleichberechtigung in der Filmmusik. Noch ein langer Weg.<\/a><\/h2>\n\n<div class=\"wp-block-post-excerpt\"><p class=\"wp-block-post-excerpt__excerpt\">BR-KLASSIK: 8. M\u00e4rz 2023, morgens 8:15. Das Gespr\u00e4ch im Online-Format: Hier. Zum Nachh\u00f6ren: Hier . <\/p><\/div>\n\n<div class=\"wp-block-post-date\"><time datetime=\"2023-03-08T18:18:38+01:00\">8. M\u00e4rz 2023<\/time><\/div><\/div><\/div>\n\n<\/li><li class=\"wp-block-post post-4575 post type-post status-publish format-standard hentry category-bands category-filmmusik category-theatermusik category-tondesign category-uncategorized tag-filmmusik tag-theatermusik\">\n\n<div class=\"wp-block-group\" style=\"padding-top:30px;padding-right:30px;padding-bottom:30px;padding-left:30px\"><div class=\"wp-block-group__inner-container is-layout-flow wp-block-group-is-layout-flow\"><h2 class=\"wp-block-post-title\"><a href=\"https:\/\/www.quasideluxe.de\/?p=4575\" target=\"_self\" >Zum Equal Pay Day 2023 &#8211; Beitrag in der M\u00e4rzausgaben der NMZ (Neue Musik Zeitung)<\/a><\/h2>\n\n<div class=\"wp-block-post-excerpt\"><p class=\"wp-block-post-excerpt__excerpt\">Unter dem Titel: &#8222;Wir m\u00fcssen \u00fcber Geld Reden. Warum verdienen Komponistinnen* so viel weniger als ihre m\u00e4nnlichen Kollegen*?&#8220;, konnte ich f\u00fcr den DKV (Deutschen Komponist:Innen Verband) einen Bericht schreiben, der zur Situation und Studienlage im Gewerk Komposition einen \u00dcberblick gibt. Hier in Heft 3\/2023 der NMZ (neue musikzeitung) nachzulesen. <\/p><\/div>\n\n<div class=\"wp-block-post-date\"><time datetime=\"2023-03-07T17:46:41+01:00\">7. M\u00e4rz 2023<\/time><\/div><\/div><\/div>\n\n<\/li><li class=\"wp-block-post post-4593 post type-post status-publish format-standard hentry category-bands category-uncategorized\">\n\n<div class=\"wp-block-group\" style=\"padding-top:30px;padding-right:30px;padding-bottom:30px;padding-left:30px\"><div class=\"wp-block-group__inner-container is-layout-flow wp-block-group-is-layout-flow\"><h2 class=\"wp-block-post-title\"><a href=\"https:\/\/www.quasideluxe.de\/?p=4593\" target=\"_self\" >Mit dem Kontrabass beim FOP (Frauen Orcheter Projekt) &#8211; Orchesterproben und Werkstattauff\u00fchrung am So 26.02.23 Astrid-Lindgren-B\u00fchne im FEZ Berlin<\/a><\/h2>\n\n<div class=\"wp-block-post-excerpt\"><p class=\"wp-block-post-excerpt__excerpt\">F\u00fcnf Werke von Komponistinnen aus drei Jahrhunderten zum Kennenlernen. Plakat-Ank\u00fcndigung des FOP: Pressemeldung des FOP: <\/p><\/div>\n\n<div class=\"wp-block-post-date\"><time datetime=\"2023-02-26T18:51:15+01:00\">26. Februar 2023<\/time><\/div><\/div><\/div>\n\n<\/li><\/ul><\/div>\n","protected":false},"excerpt":{"rendered":"<p>2020 \u2013 Nominierung \u201eDeutscher Dokumentarfilm Musikpreis\u201c beim Dokumentarfilmfetival M\u00fcnchen, mit der Filmmusik zum Kinodokumentarfilm \u201eDie Schule auf dem Zauberberg\u201c von Radek Wegrzyn und DETAILFILM. 2020 &#8211; Deutscher Kindertheaterpreis, f\u00fcr die St\u00fcckentwicklung &#8222;Liebe Gr\u00fc\u00dfe. Oder Wohin das Leben f\u00e4llt&#8220;. Autor und Regisseur: Theo Fransz, \u00dcbersetzerin (aus dem Niederl\u00e4ndischen): Andrea Kluitman. 2019 \u2013 Einladung zum \u201e15. deutschen &hellip; <\/p>\n<p class=\"link-more\"><a href=\"https:\/\/www.quasideluxe.de\/\" class=\"more-link\"><span class=\"screen-reader-text\">\u201e\u201c<\/span> weiterlesen<\/a><\/p>\n","protected":false},"author":1,"featured_media":4494,"parent":0,"menu_order":0,"comment_status":"closed","ping_status":"closed","template":"page-home.php","meta":{"footnotes":""},"class_list":["post-11","page","type-page","status-publish","has-post-thumbnail","hentry"],"_links":{"self":[{"href":"https:\/\/www.quasideluxe.de\/index.php?rest_route=\/wp\/v2\/pages\/11","targetHints":{"allow":["GET"]}}],"collection":[{"href":"https:\/\/www.quasideluxe.de\/index.php?rest_route=\/wp\/v2\/pages"}],"about":[{"href":"https:\/\/www.quasideluxe.de\/index.php?rest_route=\/wp\/v2\/types\/page"}],"author":[{"embeddable":true,"href":"https:\/\/www.quasideluxe.de\/index.php?rest_route=\/wp\/v2\/users\/1"}],"replies":[{"embeddable":true,"href":"https:\/\/www.quasideluxe.de\/index.php?rest_route=%2Fwp%2Fv2%2Fcomments&post=11"}],"version-history":[{"count":231,"href":"https:\/\/www.quasideluxe.de\/index.php?rest_route=\/wp\/v2\/pages\/11\/revisions"}],"predecessor-version":[{"id":4697,"href":"https:\/\/www.quasideluxe.de\/index.php?rest_route=\/wp\/v2\/pages\/11\/revisions\/4697"}],"wp:featuredmedia":[{"embeddable":true,"href":"https:\/\/www.quasideluxe.de\/index.php?rest_route=\/wp\/v2\/media\/4494"}],"wp:attachment":[{"href":"https:\/\/www.quasideluxe.de\/index.php?rest_route=%2Fwp%2Fv2%2Fmedia&parent=11"}],"curies":[{"name":"wp","href":"https:\/\/api.w.org\/{rel}","templated":true}]}}